{"id":104705,"date":"2026-01-28T20:28:52","date_gmt":"2026-01-28T19:28:52","guid":{"rendered":"https:\/\/izitlove.com\/product\/dildo-dual-density-mod-2-7-5-pnk\/"},"modified":"2026-02-03T16:17:09","modified_gmt":"2026-02-03T15:17:09","slug":"dildo-dual-density-mod-2-7-5-pnk","status":"publish","type":"product","link":"https:\/\/izitlove.com\/es\/boutique\/dildo-dual-density-mod-2-7-5-pnk\/","title":{"rendered":"Consolador Doble Densidad Mod. 2 - 7.5 Pnk"},"content":{"rendered":"<p>SilexD ofrece una variedad de consoladores con una silicona de extraordinaria calidad de doble densidad Silexpan tanto en el interior como en el exterior. Esta silicona es higi\u00e9nica, libre de ftalatos y l\u00e1tex.<\/p>\n<p>Tiene una punta redondeada con forma de glande, un cuerpo lleno de venas para a\u00f1adir m\u00e1s sensaciones. Tiene una novedosa textura Memory Silicone que son suaves, flexibles y sobre todo, realistas. Para que puedas usarlo donde quieras, tiene una fuerte ventosa en la base para que no tengas l\u00edmites. Es compatible con arneses para que puedas disfrutarlo con tu pareja.<\/p>\n<p>Su nueva f\u00f3rmula Termo Reactiva har\u00e1 que cuando tu dildo est\u00e9 caliente sea m\u00e1s suave, y cuando est\u00e9 fr\u00edo m\u00e1s duro, para que t\u00fa decidas hasta la firmeza que deseas en cada momento.<\/p>\n<p>Caracter\u00edsticas:<\/p>\n<ul>\n<li>Realista<\/li>\n<li>Doble densidad<\/li>\n<li>Silicona con memoria - Silexpan<\/li>\n<li>F\u00f3rmula termo reactiva<\/li>\n<li>Silicona platino<\/li>\n<li>Sin ftalatos ni l\u00e1tex<\/li>\n<li>Fuerte ventosa<\/li>\n<li>hipoalerg\u00e9nico<\/li>\n<li>Ajuste con arn\u00e9s<\/li>\n<li>Measures: 19 cm x 4.6 cm<\/li>\n<\/ul>","protected":false},"excerpt":{"rendered":"<p>SilexD ofrece una variedad de consoladores con una silicona <\/p>","protected":false},"featured_media":120720,"comment_status":"open","ping_status":"open","template":"","meta":[],"product_brand":[646],"product_cat":[345,384,455],"product_tag":[],"class_list":{"0":"post-104705","1":"product","2":"type-product","3":"status-publish","4":"has-post-thumbnail","6":"product_brand-silexd","7":"product_cat-adult-toys","8":"product_cat-dildos","9":"product_cat-offers","11":"first","12":"instock","13":"taxable","14":"shipping-taxable","15":"purchasable","16":"product-type-simple"},"_links":{"self":[{"href":"https:\/\/izitlove.com\/es\/wp-json\/wp\/v2\/product\/104705","targetHints":{"allow":["GET"]}}],"collection":[{"href":"https:\/\/izitlove.com\/es\/wp-json\/wp\/v2\/product"}],"about":[{"href":"https:\/\/izitlove.com\/es\/wp-json\/wp\/v2\/types\/product"}],"replies":[{"embeddable":true,"href":"https:\/\/izitlove.com\/es\/wp-json\/wp\/v2\/comments?post=104705"}],"wp:featuredmedia":[{"embeddable":true,"href":"https:\/\/izitlove.com\/es\/wp-json\/wp\/v2\/media\/120720"}],"wp:attachment":[{"href":"https:\/\/izitlove.com\/es\/wp-json\/wp\/v2\/media?parent=104705"}],"wp:term":[{"taxonomy":"product_brand","embeddable":true,"href":"https:\/\/izitlove.com\/es\/wp-json\/wp\/v2\/product_brand?post=104705"},{"taxonomy":"product_cat","embeddable":true,"href":"https:\/\/izitlove.com\/es\/wp-json\/wp\/v2\/product_cat?post=104705"},{"taxonomy":"product_tag","embeddable":true,"href":"https:\/\/izitlove.com\/es\/wp-json\/wp\/v2\/product_tag?post=104705"}],"curies":[{"name":"wp","href":"https:\/\/api.w.org\/{rel}","templated":true}]}}