{"id":104705,"date":"2026-01-28T20:28:52","date_gmt":"2026-01-28T19:28:52","guid":{"rendered":"https:\/\/izitlove.com\/product\/dildo-dual-density-mod-2-7-5-pnk\/"},"modified":"2026-02-03T16:17:09","modified_gmt":"2026-02-03T15:17:09","slug":"dildo-dual-density-mod-2-7-5-pnk","status":"publish","type":"product","link":"https:\/\/izitlove.com\/fr\/boutique\/dildo-dual-density-mod-2-7-5-pnk\/","title":{"rendered":"Dildo Dual Density Mod. 2 - 7.5 Pnk"},"content":{"rendered":"<p>SilexD propose une vari\u00e9t\u00e9 de godemich\u00e9s avec un silicone de qualit\u00e9 extraordinaire de double densit\u00e9 Silexpan tant \u00e0 l'int\u00e9rieur qu'\u00e0 l'ext\u00e9rieur. Ce silicone est hygi\u00e9nique, exempt de phtalates et de latex.<\/p>\n<p>Il a un bout arrondi en forme de gland, un corps plein de veines pour ajouter plus de sensations. Il poss\u00e8de une texture in\u00e9dite en silicone \u00e0 m\u00e9moire de forme qui est douce, flexible et surtout r\u00e9aliste. Pour que vous puissiez l'utiliser o\u00f9 vous voulez, il a une forte ventouse \u00e0 la base pour que vous n'ayez pas de limites. Il est compatible avec les harnais pour que vous puissiez en profiter avec votre partenaire.<\/p>\n<p>Sa nouvelle formule Thermo R\u00e9active rendra votre gode plus doux lorsqu'il est chaud, et plus dur lorsqu'il est froid, afin que vous puissiez d\u00e9cider de la fermet\u00e9 que vous souhaitez \u00e0 tout moment.<\/p>\n<p>Caract\u00e9ristiques :<\/p>\n<ul>\n<li>R\u00e9aliste<\/li>\n<li>Double densit\u00e9<\/li>\n<li>M\u00e9moire silicone - Silexpan<\/li>\n<li>Formule thermor\u00e9active<\/li>\n<li>Silicone platine<\/li>\n<li>Sans phtalate ni latex<\/li>\n<li>Ventouse puissante<\/li>\n<li>hypoallerg\u00e9nique<\/li>\n<li>Adaptation au harnais<\/li>\n<li>Dimensions : 19 cm x 4,6 cm : 19 cm x 4,6 cm<\/li>\n<\/ul>","protected":false},"excerpt":{"rendered":"<p>SilexD propose une vari\u00e9t\u00e9 de godemich\u00e9s en silicone. <\/p>","protected":false},"featured_media":120720,"comment_status":"open","ping_status":"open","template":"","meta":[],"product_brand":[646],"product_cat":[345,384,455],"product_tag":[],"class_list":{"0":"post-104705","1":"product","2":"type-product","3":"status-publish","4":"has-post-thumbnail","6":"product_brand-silexd","7":"product_cat-adult-toys","8":"product_cat-dildos","9":"product_cat-offers","11":"first","12":"instock","13":"taxable","14":"shipping-taxable","15":"purchasable","16":"product-type-simple"},"_links":{"self":[{"href":"https:\/\/izitlove.com\/fr\/wp-json\/wp\/v2\/product\/104705","targetHints":{"allow":["GET"]}}],"collection":[{"href":"https:\/\/izitlove.com\/fr\/wp-json\/wp\/v2\/product"}],"about":[{"href":"https:\/\/izitlove.com\/fr\/wp-json\/wp\/v2\/types\/product"}],"replies":[{"embeddable":true,"href":"https:\/\/izitlove.com\/fr\/wp-json\/wp\/v2\/comments?post=104705"}],"wp:featuredmedia":[{"embeddable":true,"href":"https:\/\/izitlove.com\/fr\/wp-json\/wp\/v2\/media\/120720"}],"wp:attachment":[{"href":"https:\/\/izitlove.com\/fr\/wp-json\/wp\/v2\/media?parent=104705"}],"wp:term":[{"taxonomy":"product_brand","embeddable":true,"href":"https:\/\/izitlove.com\/fr\/wp-json\/wp\/v2\/product_brand?post=104705"},{"taxonomy":"product_cat","embeddable":true,"href":"https:\/\/izitlove.com\/fr\/wp-json\/wp\/v2\/product_cat?post=104705"},{"taxonomy":"product_tag","embeddable":true,"href":"https:\/\/izitlove.com\/fr\/wp-json\/wp\/v2\/product_tag?post=104705"}],"curies":[{"name":"wp","href":"https:\/\/api.w.org\/{rel}","templated":true}]}}